{"id":887,"date":"2021-06-29T22:35:09","date_gmt":"2021-06-29T20:35:09","guid":{"rendered":"https:\/\/chateau-castries.com\/billetterie\/"},"modified":"2025-08-25T14:24:59","modified_gmt":"2025-08-25T12:24:59","slug":"ticketing","status":"publish","type":"page","link":"https:\/\/chateau-castries.com\/en\/ticketing\/","title":{"rendered":"Ticketing"},"content":{"rendered":"","protected":false},"excerpt":{"rendered":"","protected":false},"author":1,"featured_media":0,"parent":0,"menu_order":0,"comment_status":"closed","ping_status":"closed","template":"","meta":{"footnotes":""},"class_list":["post-887","page","type-page","status-publish","hentry"],"yoast_head":"<!-- This site is optimized with the Yoast SEO plugin v27.1.1 - https:\/\/yoast.com\/product\/yoast-seo-wordpress\/ -->\n<title>Billetterie du Ch\u00e2teau de Lumi\u00e8res - Ch\u00e2teau de Beaugency<\/title>\n<meta name=\"description\" content=\"Billetterie du Ch\u00e2teau de Lumi\u00e8res au Ch\u00e2teau de Beaugency : R\u00e9servez vos places pour des exp\u00e9riences num\u00e9riques fascinantes !\" \/>\n<meta name=\"robots\" content=\"index, follow, max-snippet:-1, max-image-preview:large, max-video-preview:-1\" \/>\n<link rel=\"canonical\" href=\"https:\/\/chateau-castries.com\/en\/ticketing\/\" \/>\n<meta property=\"og:locale\" content=\"en_US\" \/>\n<meta property=\"og:type\" content=\"article\" \/>\n<meta property=\"og:title\" content=\"Billetterie du Ch\u00e2teau de Lumi\u00e8res - Ch\u00e2teau de Beaugency\" \/>\n<meta property=\"og:description\" content=\"Billetterie du Ch\u00e2teau de Lumi\u00e8res au Ch\u00e2teau de Beaugency : R\u00e9servez vos places pour des exp\u00e9riences num\u00e9riques fascinantes !\" \/>\n<meta property=\"og:url\" content=\"https:\/\/chateau-castries.com\/en\/ticketing\/\" \/>\n<meta property=\"og:site_name\" content=\"Ch\u00e2teau de Castries\" \/>\n<meta property=\"article:modified_time\" content=\"2025-08-25T12:24:59+00:00\" \/>\n<script type=\"application\/ld+json\" class=\"yoast-schema-graph\">{\"@context\":\"https:\/\/schema.org\",\"@graph\":[{\"@type\":\"WebPage\",\"@id\":\"https:\/\/chateau-castries.com\/en\/ticketing\/\",\"url\":\"https:\/\/chateau-castries.com\/en\/ticketing\/\",\"name\":\"Billetterie du Ch\u00e2teau de Lumi\u00e8res - Ch\u00e2teau de Beaugency\",\"isPartOf\":{\"@id\":\"https:\/\/chateau-castries.com\/en\/#website\"},\"datePublished\":\"2021-06-29T20:35:09+00:00\",\"dateModified\":\"2025-08-25T12:24:59+00:00\",\"description\":\"Billetterie du Ch\u00e2teau de Lumi\u00e8res au Ch\u00e2teau de Beaugency : R\u00e9servez vos places pour des exp\u00e9riences num\u00e9riques fascinantes !\",\"breadcrumb\":{\"@id\":\"https:\/\/chateau-castries.com\/en\/ticketing\/#breadcrumb\"},\"inLanguage\":\"en-US\",\"potentialAction\":[{\"@type\":\"ReadAction\",\"target\":[\"https:\/\/chateau-castries.com\/en\/ticketing\/\"]}]},{\"@type\":\"BreadcrumbList\",\"@id\":\"https:\/\/chateau-castries.com\/en\/ticketing\/#breadcrumb\",\"itemListElement\":[{\"@type\":\"ListItem\",\"position\":1,\"name\":\"Home\",\"item\":\"https:\/\/chateau-castries.com\/en\/\"},{\"@type\":\"ListItem\",\"position\":2,\"name\":\"Ticketing\"}]},{\"@type\":\"WebSite\",\"@id\":\"https:\/\/chateau-castries.com\/en\/#website\",\"url\":\"https:\/\/chateau-castries.com\/en\/\",\"name\":\"Ch\u00e2teau de Castries\",\"description\":\"Ch\u00e2teau de Lumi\u00e8res\",\"potentialAction\":[{\"@type\":\"SearchAction\",\"target\":{\"@type\":\"EntryPoint\",\"urlTemplate\":\"https:\/\/chateau-castries.com\/en\/?s={search_term_string}\"},\"query-input\":{\"@type\":\"PropertyValueSpecification\",\"valueRequired\":true,\"valueName\":\"search_term_string\"}}],\"inLanguage\":\"en-US\"}]}<\/script>\n<!-- \/ Yoast SEO plugin. -->","yoast_head_json":{"title":"Billetterie du Ch\u00e2teau de Lumi\u00e8res - Ch\u00e2teau de Beaugency","description":"Billetterie du Ch\u00e2teau de Lumi\u00e8res au Ch\u00e2teau de Beaugency : R\u00e9servez vos places pour des exp\u00e9riences num\u00e9riques fascinantes !","robots":{"index":"index","follow":"follow","max-snippet":"max-snippet:-1","max-image-preview":"max-image-preview:large","max-video-preview":"max-video-preview:-1"},"canonical":"https:\/\/chateau-castries.com\/en\/ticketing\/","og_locale":"en_US","og_type":"article","og_title":"Billetterie du Ch\u00e2teau de Lumi\u00e8res - Ch\u00e2teau de Beaugency","og_description":"Billetterie du Ch\u00e2teau de Lumi\u00e8res au Ch\u00e2teau de Beaugency : R\u00e9servez vos places pour des exp\u00e9riences num\u00e9riques fascinantes !","og_url":"https:\/\/chateau-castries.com\/en\/ticketing\/","og_site_name":"Ch\u00e2teau de Castries","article_modified_time":"2025-08-25T12:24:59+00:00","schema":{"@context":"https:\/\/schema.org","@graph":[{"@type":"WebPage","@id":"https:\/\/chateau-castries.com\/en\/ticketing\/","url":"https:\/\/chateau-castries.com\/en\/ticketing\/","name":"Billetterie du Ch\u00e2teau de Lumi\u00e8res - Ch\u00e2teau de Beaugency","isPartOf":{"@id":"https:\/\/chateau-castries.com\/en\/#website"},"datePublished":"2021-06-29T20:35:09+00:00","dateModified":"2025-08-25T12:24:59+00:00","description":"Billetterie du Ch\u00e2teau de Lumi\u00e8res au Ch\u00e2teau de Beaugency : R\u00e9servez vos places pour des exp\u00e9riences num\u00e9riques fascinantes !","breadcrumb":{"@id":"https:\/\/chateau-castries.com\/en\/ticketing\/#breadcrumb"},"inLanguage":"en-US","potentialAction":[{"@type":"ReadAction","target":["https:\/\/chateau-castries.com\/en\/ticketing\/"]}]},{"@type":"BreadcrumbList","@id":"https:\/\/chateau-castries.com\/en\/ticketing\/#breadcrumb","itemListElement":[{"@type":"ListItem","position":1,"name":"Home","item":"https:\/\/chateau-castries.com\/en\/"},{"@type":"ListItem","position":2,"name":"Ticketing"}]},{"@type":"WebSite","@id":"https:\/\/chateau-castries.com\/en\/#website","url":"https:\/\/chateau-castries.com\/en\/","name":"Ch\u00e2teau de Castries","description":"Ch\u00e2teau de Lumi\u00e8res","potentialAction":[{"@type":"SearchAction","target":{"@type":"EntryPoint","urlTemplate":"https:\/\/chateau-castries.com\/en\/?s={search_term_string}"},"query-input":{"@type":"PropertyValueSpecification","valueRequired":true,"valueName":"search_term_string"}}],"inLanguage":"en-US"}]}},"_links":{"self":[{"href":"https:\/\/chateau-castries.com\/en\/wp-json\/wp\/v2\/pages\/887","targetHints":{"allow":["GET"]}}],"collection":[{"href":"https:\/\/chateau-castries.com\/en\/wp-json\/wp\/v2\/pages"}],"about":[{"href":"https:\/\/chateau-castries.com\/en\/wp-json\/wp\/v2\/types\/page"}],"author":[{"embeddable":true,"href":"https:\/\/chateau-castries.com\/en\/wp-json\/wp\/v2\/users\/1"}],"replies":[{"embeddable":true,"href":"https:\/\/chateau-castries.com\/en\/wp-json\/wp\/v2\/comments?post=887"}],"version-history":[{"count":45,"href":"https:\/\/chateau-castries.com\/en\/wp-json\/wp\/v2\/pages\/887\/revisions"}],"predecessor-version":[{"id":4518,"href":"https:\/\/chateau-castries.com\/en\/wp-json\/wp\/v2\/pages\/887\/revisions\/4518"}],"wp:attachment":[{"href":"https:\/\/chateau-castries.com\/en\/wp-json\/wp\/v2\/media?parent=887"}],"curies":[{"name":"wp","href":"https:\/\/api.w.org\/{rel}","templated":true}]}}