{"id":3796,"date":"2025-04-16T16:48:23","date_gmt":"2025-04-16T14:48:23","guid":{"rendered":"https:\/\/chateau-castries.com\/faq\/"},"modified":"2025-06-30T09:23:36","modified_gmt":"2025-06-30T07:23:36","slug":"faq","status":"publish","type":"page","link":"https:\/\/chateau-castries.com\/en\/faq\/","title":{"rendered":"FAQ"},"content":{"rendered":"","protected":false},"excerpt":{"rendered":"","protected":false},"author":2,"featured_media":0,"parent":0,"menu_order":0,"comment_status":"closed","ping_status":"closed","template":"","meta":{"footnotes":""},"class_list":["post-3796","page","type-page","status-publish","hentry"],"yoast_head":"<!-- This site is optimized with the Yoast SEO plugin v27.1.1 - https:\/\/yoast.com\/product\/yoast-seo-wordpress\/ -->\n<title>FAQ - Ch\u00e2teau de Castries<\/title>\n<meta name=\"description\" content=\"Find all the answers to your questions about the Chateau de Beaugency and its activities on our FAQ page.\" \/>\n<meta name=\"robots\" content=\"index, follow, max-snippet:-1, max-image-preview:large, max-video-preview:-1\" \/>\n<link rel=\"canonical\" href=\"https:\/\/chateau-castries.com\/en\/faq\/\" \/>\n<meta property=\"og:locale\" content=\"en_US\" \/>\n<meta property=\"og:type\" content=\"article\" \/>\n<meta property=\"og:title\" content=\"FAQ - Ch\u00e2teau de Castries\" \/>\n<meta property=\"og:description\" content=\"Find all the answers to your questions about the Chateau de Beaugency and its activities on our FAQ page.\" \/>\n<meta property=\"og:url\" content=\"https:\/\/chateau-castries.com\/en\/faq\/\" \/>\n<meta property=\"og:site_name\" content=\"Ch\u00e2teau de Castries\" \/>\n<meta property=\"article:modified_time\" content=\"2025-06-30T07:23:36+00:00\" \/>\n<script type=\"application\/ld+json\" class=\"yoast-schema-graph\">{\"@context\":\"https:\/\/schema.org\",\"@graph\":[{\"@type\":\"WebPage\",\"@id\":\"https:\/\/chateau-castries.com\/en\/faq\/\",\"url\":\"https:\/\/chateau-castries.com\/en\/faq\/\",\"name\":\"FAQ - Ch\u00e2teau de Castries\",\"isPartOf\":{\"@id\":\"https:\/\/chateau-castries.com\/en\/#website\"},\"datePublished\":\"2025-04-16T14:48:23+00:00\",\"dateModified\":\"2025-06-30T07:23:36+00:00\",\"description\":\"Find all the answers to your questions about the Chateau de Beaugency and its activities on our FAQ page.\",\"breadcrumb\":{\"@id\":\"https:\/\/chateau-castries.com\/en\/faq\/#breadcrumb\"},\"inLanguage\":\"en-US\",\"potentialAction\":[{\"@type\":\"ReadAction\",\"target\":[\"https:\/\/chateau-castries.com\/en\/faq\/\"]}]},{\"@type\":\"BreadcrumbList\",\"@id\":\"https:\/\/chateau-castries.com\/en\/faq\/#breadcrumb\",\"itemListElement\":[{\"@type\":\"ListItem\",\"position\":1,\"name\":\"Home\",\"item\":\"https:\/\/chateau-castries.com\/en\/\"},{\"@type\":\"ListItem\",\"position\":2,\"name\":\"FAQ\"}]},{\"@type\":\"WebSite\",\"@id\":\"https:\/\/chateau-castries.com\/en\/#website\",\"url\":\"https:\/\/chateau-castries.com\/en\/\",\"name\":\"Ch\u00e2teau de Castries\",\"description\":\"Ch\u00e2teau de Lumi\u00e8res\",\"potentialAction\":[{\"@type\":\"SearchAction\",\"target\":{\"@type\":\"EntryPoint\",\"urlTemplate\":\"https:\/\/chateau-castries.com\/en\/?s={search_term_string}\"},\"query-input\":{\"@type\":\"PropertyValueSpecification\",\"valueRequired\":true,\"valueName\":\"search_term_string\"}}],\"inLanguage\":\"en-US\"}]}<\/script>\n<!-- \/ Yoast SEO plugin. -->","yoast_head_json":{"title":"FAQ - Ch\u00e2teau de Castries","description":"Find all the answers to your questions about the Chateau de Beaugency and its activities on our FAQ page.","robots":{"index":"index","follow":"follow","max-snippet":"max-snippet:-1","max-image-preview":"max-image-preview:large","max-video-preview":"max-video-preview:-1"},"canonical":"https:\/\/chateau-castries.com\/en\/faq\/","og_locale":"en_US","og_type":"article","og_title":"FAQ - Ch\u00e2teau de Castries","og_description":"Find all the answers to your questions about the Chateau de Beaugency and its activities on our FAQ page.","og_url":"https:\/\/chateau-castries.com\/en\/faq\/","og_site_name":"Ch\u00e2teau de Castries","article_modified_time":"2025-06-30T07:23:36+00:00","schema":{"@context":"https:\/\/schema.org","@graph":[{"@type":"WebPage","@id":"https:\/\/chateau-castries.com\/en\/faq\/","url":"https:\/\/chateau-castries.com\/en\/faq\/","name":"FAQ - Ch\u00e2teau de Castries","isPartOf":{"@id":"https:\/\/chateau-castries.com\/en\/#website"},"datePublished":"2025-04-16T14:48:23+00:00","dateModified":"2025-06-30T07:23:36+00:00","description":"Find all the answers to your questions about the Chateau de Beaugency and its activities on our FAQ page.","breadcrumb":{"@id":"https:\/\/chateau-castries.com\/en\/faq\/#breadcrumb"},"inLanguage":"en-US","potentialAction":[{"@type":"ReadAction","target":["https:\/\/chateau-castries.com\/en\/faq\/"]}]},{"@type":"BreadcrumbList","@id":"https:\/\/chateau-castries.com\/en\/faq\/#breadcrumb","itemListElement":[{"@type":"ListItem","position":1,"name":"Home","item":"https:\/\/chateau-castries.com\/en\/"},{"@type":"ListItem","position":2,"name":"FAQ"}]},{"@type":"WebSite","@id":"https:\/\/chateau-castries.com\/en\/#website","url":"https:\/\/chateau-castries.com\/en\/","name":"Ch\u00e2teau de Castries","description":"Ch\u00e2teau de Lumi\u00e8res","potentialAction":[{"@type":"SearchAction","target":{"@type":"EntryPoint","urlTemplate":"https:\/\/chateau-castries.com\/en\/?s={search_term_string}"},"query-input":{"@type":"PropertyValueSpecification","valueRequired":true,"valueName":"search_term_string"}}],"inLanguage":"en-US"}]}},"_links":{"self":[{"href":"https:\/\/chateau-castries.com\/en\/wp-json\/wp\/v2\/pages\/3796","targetHints":{"allow":["GET"]}}],"collection":[{"href":"https:\/\/chateau-castries.com\/en\/wp-json\/wp\/v2\/pages"}],"about":[{"href":"https:\/\/chateau-castries.com\/en\/wp-json\/wp\/v2\/types\/page"}],"author":[{"embeddable":true,"href":"https:\/\/chateau-castries.com\/en\/wp-json\/wp\/v2\/users\/2"}],"replies":[{"embeddable":true,"href":"https:\/\/chateau-castries.com\/en\/wp-json\/wp\/v2\/comments?post=3796"}],"version-history":[{"count":3,"href":"https:\/\/chateau-castries.com\/en\/wp-json\/wp\/v2\/pages\/3796\/revisions"}],"predecessor-version":[{"id":4251,"href":"https:\/\/chateau-castries.com\/en\/wp-json\/wp\/v2\/pages\/3796\/revisions\/4251"}],"wp:attachment":[{"href":"https:\/\/chateau-castries.com\/en\/wp-json\/wp\/v2\/media?parent=3796"}],"curies":[{"name":"wp","href":"https:\/\/api.w.org\/{rel}","templated":true}]}}